{"id":4277,"date":"2023-06-13T14:03:39","date_gmt":"2023-06-13T12:03:39","guid":{"rendered":"https:\/\/gremtek.com\/produit\/gremshapes-gcaps-cs\/"},"modified":"2026-01-06T13:55:29","modified_gmt":"2026-01-06T12:55:29","slug":"gremshapes-gcaps-cs","status":"publish","type":"product","link":"https:\/\/gremtek.com\/en\/produit\/gremshapes-gcaps-cs\/","title":{"rendered":"GREMSHAPES GCAPS CS"},"content":{"rendered":"<p>GREMSHAPES<sup>\u00ae<\/sup> GCAPS CS is an EPDM rubber cold-shrink end cap, factory-expanded on a removable spiral core.<\/p>\n<p>GREMSHAPES<sup>\u00ae<\/sup> GCAPS CS offers a tight and durable seal for cable ends, with strong mechanical protection. No heat, tools, mastics or tapes are required. Installation and removal are quick, clean and safe, ensuring reliable performance in demanding environments.<\/p>\n<p>GREMSHAPES<sup>\u00ae<\/sup> GCAPS CS is suitable for communication cables, coaxial cables and low-voltage power cables (up to 1 kV). It is ideal for outdoor and underground use, protecting against moisture, contamination, corrosion, UV and ozone.<\/p>\n<p>It is also suitable for maintaining insulation on an energised cut cable end, preventing accidental contact and moisture ingress.<\/p>\n<p><a  class=\"button  button_size_2\"  href=\"https:\/\/gremtek.com\/wp-content\/uploads\/2026\/01\/GREMSHAPES-GCAPS-CS_en_rev3.pdf\" style=\"background-color:#006699!important;\" target=\"_blank\"   ><span class=\"button_label\">Download the product sheet<\/span><\/a>\n <a  class=\"button  button_size_2\"  href=\"\" style=\"background-color:#9D9D9B!important;\" target=\"_blank\"   ><span class=\"button_label\"> Download the full catalogue <\/span><\/a>\n<\/p>\n","protected":false},"excerpt":{"rendered":"<p>EPDM cold shrink end caps<\/p>\n","protected":false},"featured_media":7847,"template":"","meta":[],"product_brand":[],"product_cat":[506,518,524],"product_tag":[589,586,590],"class_list":{"0":"post-4277","1":"product","2":"type-product","3":"status-publish","4":"has-post-thumbnail","6":"product_cat-cold-shrink-moulded-parts","7":"product_cat-heat-shrink-and-extruded-products","8":"product_cat-mouled-parts","9":"product_tag-capuchon-en","10":"product_tag-gremshapes-en","11":"product_tag-piece-moulee-retractable-a-froid-en","12":"product_shipping_class-ex-works-en","14":"first","15":"instock","16":"shipping-taxable","17":"product-type-simple"},"yoast_head":"<!-- This site is optimized with the Yoast SEO plugin v26.8 - https:\/\/yoast.com\/product\/yoast-seo-wordpress\/ -->\n<title>GREMSHAPES GCAPS CS - Retractable Caps | GREMTEK<\/title>\n<meta name=\"description\" content=\"GREMSHAPES GCAPS CS protects cylindrical objects from: moisture, contamination, corrosion, ozone and other environmental hazards.\" \/>\n<meta name=\"robots\" content=\"index, follow, max-snippet:-1, max-image-preview:large, max-video-preview:-1\" \/>\n<link rel=\"canonical\" href=\"https:\/\/gremtek.com\/en\/produit\/gremshapes-gcaps-cs\/\" \/>\n<meta property=\"og:locale\" content=\"en_US\" \/>\n<meta property=\"og:type\" content=\"article\" \/>\n<meta property=\"og:title\" content=\"GREMSHAPES GCAPS CS - Retractable Caps | GREMTEK\" \/>\n<meta property=\"og:description\" content=\"GREMSHAPES GCAPS CS protects cylindrical objects from: moisture, contamination, corrosion, ozone and other environmental hazards.\" \/>\n<meta property=\"og:url\" content=\"https:\/\/gremtek.com\/en\/produit\/gremshapes-gcaps-cs\/\" \/>\n<meta property=\"og:site_name\" content=\"Gremtek\" \/>\n<meta property=\"article:modified_time\" content=\"2026-01-06T12:55:29+00:00\" \/>\n<meta property=\"og:image\" content=\"https:\/\/gremtek.com\/wp-content\/uploads\/2023\/06\/GREMSHAPES-GCAPS-CS-scaled.jpg\" \/>\n\t<meta property=\"og:image:width\" content=\"2560\" \/>\n\t<meta property=\"og:image:height\" content=\"1718\" \/>\n\t<meta property=\"og:image:type\" content=\"image\/jpeg\" \/>\n<meta name=\"twitter:card\" content=\"summary_large_image\" \/>\n<meta name=\"twitter:label1\" content=\"Est. reading time\" \/>\n\t<meta name=\"twitter:data1\" content=\"1 minute\" \/>\n<script type=\"application\/ld+json\" class=\"yoast-schema-graph\">{\"@context\":\"https:\/\/schema.org\",\"@graph\":[{\"@type\":\"WebPage\",\"@id\":\"https:\/\/gremtek.com\/en\/produit\/gremshapes-gcaps-cs\/\",\"url\":\"https:\/\/gremtek.com\/en\/produit\/gremshapes-gcaps-cs\/\",\"name\":\"GREMSHAPES GCAPS CS - Retractable Caps | GREMTEK\",\"isPartOf\":{\"@id\":\"https:\/\/gremtek.com\/#website\"},\"primaryImageOfPage\":{\"@id\":\"https:\/\/gremtek.com\/en\/produit\/gremshapes-gcaps-cs\/#primaryimage\"},\"image\":{\"@id\":\"https:\/\/gremtek.com\/en\/produit\/gremshapes-gcaps-cs\/#primaryimage\"},\"thumbnailUrl\":\"https:\/\/gremtek.com\/wp-content\/uploads\/2023\/06\/GREMSHAPES-GCAPS-CS-scaled.jpg\",\"datePublished\":\"2023-06-13T12:03:39+00:00\",\"dateModified\":\"2026-01-06T12:55:29+00:00\",\"description\":\"GREMSHAPES GCAPS CS protects cylindrical objects from: moisture, contamination, corrosion, ozone and other environmental hazards.\",\"breadcrumb\":{\"@id\":\"https:\/\/gremtek.com\/en\/produit\/gremshapes-gcaps-cs\/#breadcrumb\"},\"inLanguage\":\"en-US\",\"potentialAction\":[{\"@type\":\"ReadAction\",\"target\":[\"https:\/\/gremtek.com\/en\/produit\/gremshapes-gcaps-cs\/\"]}]},{\"@type\":\"ImageObject\",\"inLanguage\":\"en-US\",\"@id\":\"https:\/\/gremtek.com\/en\/produit\/gremshapes-gcaps-cs\/#primaryimage\",\"url\":\"https:\/\/gremtek.com\/wp-content\/uploads\/2023\/06\/GREMSHAPES-GCAPS-CS-scaled.jpg\",\"contentUrl\":\"https:\/\/gremtek.com\/wp-content\/uploads\/2023\/06\/GREMSHAPES-GCAPS-CS-scaled.jpg\",\"width\":2560,\"height\":1718,\"caption\":\"GREMSHAPES\u00ae GCAPS CS est un capuchon de terminaison \u00e0 r\u00e9treint \u00e0 froid en caoutchouc EPDM\"},{\"@type\":\"BreadcrumbList\",\"@id\":\"https:\/\/gremtek.com\/en\/produit\/gremshapes-gcaps-cs\/#breadcrumb\",\"itemListElement\":[{\"@type\":\"ListItem\",\"position\":1,\"name\":\"Accueil\",\"item\":\"https:\/\/gremtek.com\/\"},{\"@type\":\"ListItem\",\"position\":2,\"name\":\"Shop\",\"item\":\"https:\/\/gremtek.com\/en\/shop-2\/\"},{\"@type\":\"ListItem\",\"position\":3,\"name\":\"GREMSHAPES GCAPS CS\"}]},{\"@type\":\"WebSite\",\"@id\":\"https:\/\/gremtek.com\/#website\",\"url\":\"https:\/\/gremtek.com\/\",\"name\":\"Gremtek\",\"description\":\"Protective Sleeve Solutions \",\"publisher\":{\"@id\":\"https:\/\/gremtek.com\/#organization\"},\"potentialAction\":[{\"@type\":\"SearchAction\",\"target\":{\"@type\":\"EntryPoint\",\"urlTemplate\":\"https:\/\/gremtek.com\/?s={search_term_string}\"},\"query-input\":{\"@type\":\"PropertyValueSpecification\",\"valueRequired\":true,\"valueName\":\"search_term_string\"}}],\"inLanguage\":\"en-US\"},{\"@type\":\"Organization\",\"@id\":\"https:\/\/gremtek.com\/#organization\",\"name\":\"Gremtek\",\"url\":\"https:\/\/gremtek.com\/\",\"logo\":{\"@type\":\"ImageObject\",\"inLanguage\":\"en-US\",\"@id\":\"https:\/\/gremtek.com\/#\/schema\/logo\/image\/\",\"url\":\"https:\/\/gremtek.com\/wp-content\/uploads\/2023\/01\/Logo_Gremtek-nov2024.png\",\"contentUrl\":\"https:\/\/gremtek.com\/wp-content\/uploads\/2023\/01\/Logo_Gremtek-nov2024.png\",\"width\":320,\"height\":79,\"caption\":\"Gremtek\"},\"image\":{\"@id\":\"https:\/\/gremtek.com\/#\/schema\/logo\/image\/\"}}]}<\/script>\n<!-- \/ Yoast SEO plugin. -->","yoast_head_json":{"title":"GREMSHAPES GCAPS CS - Retractable Caps | GREMTEK","description":"GREMSHAPES GCAPS CS protects cylindrical objects from: moisture, contamination, corrosion, ozone and other environmental hazards.","robots":{"index":"index","follow":"follow","max-snippet":"max-snippet:-1","max-image-preview":"max-image-preview:large","max-video-preview":"max-video-preview:-1"},"canonical":"https:\/\/gremtek.com\/en\/produit\/gremshapes-gcaps-cs\/","og_locale":"en_US","og_type":"article","og_title":"GREMSHAPES GCAPS CS - Retractable Caps | GREMTEK","og_description":"GREMSHAPES GCAPS CS protects cylindrical objects from: moisture, contamination, corrosion, ozone and other environmental hazards.","og_url":"https:\/\/gremtek.com\/en\/produit\/gremshapes-gcaps-cs\/","og_site_name":"Gremtek","article_modified_time":"2026-01-06T12:55:29+00:00","og_image":[{"width":2560,"height":1718,"url":"https:\/\/gremtek.com\/wp-content\/uploads\/2023\/06\/GREMSHAPES-GCAPS-CS-scaled.jpg","type":"image\/jpeg"}],"twitter_card":"summary_large_image","twitter_misc":{"Est. reading time":"1 minute"},"schema":{"@context":"https:\/\/schema.org","@graph":[{"@type":"WebPage","@id":"https:\/\/gremtek.com\/en\/produit\/gremshapes-gcaps-cs\/","url":"https:\/\/gremtek.com\/en\/produit\/gremshapes-gcaps-cs\/","name":"GREMSHAPES GCAPS CS - Retractable Caps | GREMTEK","isPartOf":{"@id":"https:\/\/gremtek.com\/#website"},"primaryImageOfPage":{"@id":"https:\/\/gremtek.com\/en\/produit\/gremshapes-gcaps-cs\/#primaryimage"},"image":{"@id":"https:\/\/gremtek.com\/en\/produit\/gremshapes-gcaps-cs\/#primaryimage"},"thumbnailUrl":"https:\/\/gremtek.com\/wp-content\/uploads\/2023\/06\/GREMSHAPES-GCAPS-CS-scaled.jpg","datePublished":"2023-06-13T12:03:39+00:00","dateModified":"2026-01-06T12:55:29+00:00","description":"GREMSHAPES GCAPS CS protects cylindrical objects from: moisture, contamination, corrosion, ozone and other environmental hazards.","breadcrumb":{"@id":"https:\/\/gremtek.com\/en\/produit\/gremshapes-gcaps-cs\/#breadcrumb"},"inLanguage":"en-US","potentialAction":[{"@type":"ReadAction","target":["https:\/\/gremtek.com\/en\/produit\/gremshapes-gcaps-cs\/"]}]},{"@type":"ImageObject","inLanguage":"en-US","@id":"https:\/\/gremtek.com\/en\/produit\/gremshapes-gcaps-cs\/#primaryimage","url":"https:\/\/gremtek.com\/wp-content\/uploads\/2023\/06\/GREMSHAPES-GCAPS-CS-scaled.jpg","contentUrl":"https:\/\/gremtek.com\/wp-content\/uploads\/2023\/06\/GREMSHAPES-GCAPS-CS-scaled.jpg","width":2560,"height":1718,"caption":"GREMSHAPES\u00ae GCAPS CS est un capuchon de terminaison \u00e0 r\u00e9treint \u00e0 froid en caoutchouc EPDM"},{"@type":"BreadcrumbList","@id":"https:\/\/gremtek.com\/en\/produit\/gremshapes-gcaps-cs\/#breadcrumb","itemListElement":[{"@type":"ListItem","position":1,"name":"Accueil","item":"https:\/\/gremtek.com\/"},{"@type":"ListItem","position":2,"name":"Shop","item":"https:\/\/gremtek.com\/en\/shop-2\/"},{"@type":"ListItem","position":3,"name":"GREMSHAPES GCAPS CS"}]},{"@type":"WebSite","@id":"https:\/\/gremtek.com\/#website","url":"https:\/\/gremtek.com\/","name":"Gremtek","description":"Protective Sleeve Solutions ","publisher":{"@id":"https:\/\/gremtek.com\/#organization"},"potentialAction":[{"@type":"SearchAction","target":{"@type":"EntryPoint","urlTemplate":"https:\/\/gremtek.com\/?s={search_term_string}"},"query-input":{"@type":"PropertyValueSpecification","valueRequired":true,"valueName":"search_term_string"}}],"inLanguage":"en-US"},{"@type":"Organization","@id":"https:\/\/gremtek.com\/#organization","name":"Gremtek","url":"https:\/\/gremtek.com\/","logo":{"@type":"ImageObject","inLanguage":"en-US","@id":"https:\/\/gremtek.com\/#\/schema\/logo\/image\/","url":"https:\/\/gremtek.com\/wp-content\/uploads\/2023\/01\/Logo_Gremtek-nov2024.png","contentUrl":"https:\/\/gremtek.com\/wp-content\/uploads\/2023\/01\/Logo_Gremtek-nov2024.png","width":320,"height":79,"caption":"Gremtek"},"image":{"@id":"https:\/\/gremtek.com\/#\/schema\/logo\/image\/"}}]}},"_links":{"self":[{"href":"https:\/\/gremtek.com\/en\/wp-json\/wp\/v2\/product\/4277","targetHints":{"allow":["GET"]}}],"collection":[{"href":"https:\/\/gremtek.com\/en\/wp-json\/wp\/v2\/product"}],"about":[{"href":"https:\/\/gremtek.com\/en\/wp-json\/wp\/v2\/types\/product"}],"version-history":[{"count":6,"href":"https:\/\/gremtek.com\/en\/wp-json\/wp\/v2\/product\/4277\/revisions"}],"predecessor-version":[{"id":7851,"href":"https:\/\/gremtek.com\/en\/wp-json\/wp\/v2\/product\/4277\/revisions\/7851"}],"wp:featuredmedia":[{"embeddable":true,"href":"https:\/\/gremtek.com\/en\/wp-json\/wp\/v2\/media\/7847"}],"wp:attachment":[{"href":"https:\/\/gremtek.com\/en\/wp-json\/wp\/v2\/media?parent=4277"}],"wp:term":[{"taxonomy":"product_brand","embeddable":true,"href":"https:\/\/gremtek.com\/en\/wp-json\/wp\/v2\/product_brand?post=4277"},{"taxonomy":"product_cat","embeddable":true,"href":"https:\/\/gremtek.com\/en\/wp-json\/wp\/v2\/product_cat?post=4277"},{"taxonomy":"product_tag","embeddable":true,"href":"https:\/\/gremtek.com\/en\/wp-json\/wp\/v2\/product_tag?post=4277"}],"curies":[{"name":"wp","href":"https:\/\/api.w.org\/{rel}","templated":true}]}}